{"id":48880,"date":"2023-11-14T07:31:31","date_gmt":"2023-11-14T07:31:31","guid":{"rendered":"https:\/\/octapull.com\/?page_id=48880"},"modified":"2025-07-24T14:13:36","modified_gmt":"2025-07-24T14:13:36","slug":"centro-de-descargas","status":"publish","type":"page","link":"https:\/\/wp-octa.octapull.com\/es\/centro-de-descargas","title":{"rendered":"Centro de Descargas"},"content":{"rendered":"\t\t<div data-elementor-type=\"wp-page\" data-elementor-id=\"48880\" class=\"elementor elementor-48880 elementor-18674\" data-elementor-post-type=\"page\">\n\t\t\t\t\t\t<div class=\"elementor-section elementor-top-section elementor-element elementor-element-38e2147e elementor-section-full_width elementor-section-height-default elementor-section-height-default\" data-id=\"38e2147e\" data-element_type=\"section\" data-e-type=\"section\">\n\t\t\t\t\t\t<div class=\"elementor-container elementor-column-gap-default\">\n\t\t\t\t\t<div class=\"elementor-column elementor-col-100 elementor-top-column elementor-element elementor-element-691459ee\" data-id=\"691459ee\" data-element_type=\"column\" data-e-type=\"column\">\n\t\t\t<div class=\"elementor-widget-wrap elementor-element-populated\">\n\t\t\t\t\t\t<div class=\"elementor-element elementor-element-6e5ecf82  ui-split-animate ui-splitby-chars elementor-widget elementor-widget-heading\" data-id=\"6e5ecf82\" data-element_type=\"widget\" data-e-type=\"widget\" data-settings=\"{&quot;ui_animate_split&quot;:&quot;ui-split-animate&quot;,&quot;ui_animate_split_by&quot;:&quot;chars&quot;,&quot;ui_animate_split_style&quot;:&quot;fadeInUp&quot;}\" data-widget_type=\"heading.default\">\n\t\t\t\t<div class=\"elementor-widget-container\">\n\t\t\t\t\t<h1 class=\"elementor-heading-title elementor-size-default\">\u00a1\u00danase A Las Reuniones Desde Cualquier Dispositivo!<\/h1>\t\t\t\t<\/div>\n\t\t\t\t<\/div>\n\t\t\t\t<div class=\"elementor-element elementor-element-2e34f080 elementor-widget-mobile__width-inherit elementor-widget-tablet__width-initial animated-fast elementor-invisible elementor-widget elementor-widget-text-editor\" data-id=\"2e34f080\" data-element_type=\"widget\" data-e-type=\"widget\" data-settings=\"{&quot;_animation&quot;:&quot;fadeInUp&quot;,&quot;_animation_delay&quot;:800}\" data-widget_type=\"text-editor.default\">\n\t\t\t\t<div class=\"elementor-widget-container\">\n\t\t\t\t\t\t\t\t\t<p data-start=\"95\" data-end=\"293\">Con las aplicaciones de escritorio, web y m\u00f3vil de <strong data-start=\"204\" data-end=\"216\">OCTAPULL<\/strong>, participe en reuniones desde donde quiera, con el dispositivo que prefiera!<\/p>\t\t\t\t\t\t\t\t<\/div>\n\t\t\t\t<\/div>\n\t\t\t\t<div class=\"elementor-element elementor-element-aafb638 elementor-widget__width-initial elementor-widget elementor-widget-image\" data-id=\"aafb638\" data-element_type=\"widget\" data-e-type=\"widget\" data-widget_type=\"image.default\">\n\t\t\t\t<div class=\"elementor-widget-container\">\n\t\t\t\t\t\t\t\t\t\t\t\t\t\t\t<img fetchpriority=\"high\" decoding=\"async\" width=\"2560\" height=\"1513\" src=\"https:\/\/wp-octa.octapull.com\/wp-content\/uploads\/2025\/07\/Hero-2-scaled.png\" class=\"attachment-full size-full wp-image-48918\" alt=\"\" srcset=\"https:\/\/wp-octa.octapull.com\/wp-content\/uploads\/2025\/07\/Hero-2-scaled.png 2560w, https:\/\/wp-octa.octapull.com\/wp-content\/uploads\/2025\/07\/Hero-2-300x177.png 300w, https:\/\/wp-octa.octapull.com\/wp-content\/uploads\/2025\/07\/Hero-2-1024x605.png 1024w, https:\/\/wp-octa.octapull.com\/wp-content\/uploads\/2025\/07\/Hero-2-768x454.png 768w, https:\/\/wp-octa.octapull.com\/wp-content\/uploads\/2025\/07\/Hero-2-1536x908.png 1536w, https:\/\/wp-octa.octapull.com\/wp-content\/uploads\/2025\/07\/Hero-2-2048x1211.png 2048w, https:\/\/wp-octa.octapull.com\/wp-content\/uploads\/2025\/07\/Hero-2-650x384.png 650w\" sizes=\"(max-width: 2560px) 100vw, 2560px\" \/>\t\t\t\t\t\t\t\t\t\t\t\t\t\t\t<\/div>\n\t\t\t\t<\/div>\n\t\t\t\t<div class=\"elementor-element elementor-element-8586eca elementor-widget elementor-widget-spacer\" data-id=\"8586eca\" data-element_type=\"widget\" data-e-type=\"widget\" data-widget_type=\"spacer.default\">\n\t\t\t\t<div class=\"elementor-widget-container\">\n\t\t\t\t\t\t\t<div class=\"elementor-spacer\">\n\t\t\t<div class=\"elementor-spacer-inner\"><\/div>\n\t\t<\/div>\n\t\t\t\t\t\t<\/div>\n\t\t\t\t<\/div>\n\t\t\t\t\t<\/div>\n\t\t<\/div>\n\t\t\t\t\t<\/div>\n\t\t<\/div>\n\t\t\t\t<section class=\"elementor-section elementor-top-section elementor-element elementor-element-fab589d elementor-reverse-mobile elementor-section-boxed elementor-section-height-default elementor-section-height-default\" data-id=\"fab589d\" data-element_type=\"section\" data-e-type=\"section\" id=\"1\">\n\t\t\t\t\t\t<div class=\"elementor-container elementor-column-gap-default\">\n\t\t\t\t\t<div class=\"elementor-column elementor-col-50 elementor-top-column elementor-element elementor-element-ec2e93e\" data-id=\"ec2e93e\" data-element_type=\"column\" data-e-type=\"column\">\n\t\t\t<div class=\"elementor-widget-wrap elementor-element-populated\">\n\t\t\t\t\t\t<div class=\"elementor-element elementor-element-2c410f4 elementor-widget elementor-widget-image\" data-id=\"2c410f4\" data-element_type=\"widget\" data-e-type=\"widget\" data-widget_type=\"image.default\">\n\t\t\t\t<div class=\"elementor-widget-container\">\n\t\t\t\t\t\t\t\t\t\t\t\t\t\t\t<img decoding=\"async\" width=\"2560\" height=\"1511\" src=\"https:\/\/wp-octa.octapull.com\/wp-content\/uploads\/2025\/07\/Trial-scaled.png\" class=\"attachment-full size-full wp-image-48930\" alt=\"\" srcset=\"https:\/\/wp-octa.octapull.com\/wp-content\/uploads\/2025\/07\/Trial-scaled.png 2560w, https:\/\/wp-octa.octapull.com\/wp-content\/uploads\/2025\/07\/Trial-300x177.png 300w, https:\/\/wp-octa.octapull.com\/wp-content\/uploads\/2025\/07\/Trial-1024x605.png 1024w, https:\/\/wp-octa.octapull.com\/wp-content\/uploads\/2025\/07\/Trial-768x453.png 768w, https:\/\/wp-octa.octapull.com\/wp-content\/uploads\/2025\/07\/Trial-1536x907.png 1536w, https:\/\/wp-octa.octapull.com\/wp-content\/uploads\/2025\/07\/Trial-2048x1209.png 2048w, https:\/\/wp-octa.octapull.com\/wp-content\/uploads\/2025\/07\/Trial-650x384.png 650w\" sizes=\"(max-width: 2560px) 100vw, 2560px\" \/>\t\t\t\t\t\t\t\t\t\t\t\t\t\t\t<\/div>\n\t\t\t\t<\/div>\n\t\t\t\t\t<\/div>\n\t\t<\/div>\n\t\t\t\t<div class=\"elementor-column elementor-col-50 elementor-top-column elementor-element elementor-element-2f6e780\" data-id=\"2f6e780\" data-element_type=\"column\" data-e-type=\"column\">\n\t\t\t<div class=\"elementor-widget-wrap elementor-element-populated\">\n\t\t\t\t\t\t<div class=\"elementor-element elementor-element-a269e4f elementor-widget elementor-widget-heading\" data-id=\"a269e4f\" data-element_type=\"widget\" data-e-type=\"widget\" data-widget_type=\"heading.default\">\n\t\t\t\t<div class=\"elementor-widget-container\">\n\t\t\t\t\t<h1 class=\"elementor-heading-title elementor-size-default\">\u00a1Comunicaci\u00f3n Sin Interrupciones Con La Aplicaci\u00f3n De Escritorio!<\/h1>\t\t\t\t<\/div>\n\t\t\t\t<\/div>\n\t\t\t\t<div class=\"elementor-element elementor-element-7384bc4 elementor-widget elementor-widget-text-editor\" data-id=\"7384bc4\" data-element_type=\"widget\" data-e-type=\"widget\" data-widget_type=\"text-editor.default\">\n\t\t\t\t<div class=\"elementor-widget-container\">\n\t\t\t\t\t\t\t\t\t<p data-start=\"300\" data-end=\"485\">Disfrute de una experiencia de videoconferencia de nueva generaci\u00f3n con la aplicaci\u00f3n de escritorio <strong data-start=\"472\" data-end=\"484\">OctaMeet<\/strong>.<\/p>\t\t\t\t\t\t\t\t<\/div>\n\t\t\t\t<\/div>\n\t\t\t\t<section class=\"elementor-section elementor-inner-section elementor-element elementor-element-46bdd69 elementor-section-boxed elementor-section-height-default elementor-section-height-default\" data-id=\"46bdd69\" data-element_type=\"section\" data-e-type=\"section\">\n\t\t\t\t\t\t<div class=\"elementor-container elementor-column-gap-default\">\n\t\t\t\t\t<div class=\"elementor-column elementor-col-100 elementor-inner-column elementor-element elementor-element-09a2533\" data-id=\"09a2533\" data-element_type=\"column\" data-e-type=\"column\">\n\t\t\t<div class=\"elementor-widget-wrap elementor-element-populated\">\n\t\t\t\t\t\t<div class=\"elementor-element elementor-element-7723510a elementor-align-center animated-fast elementor-widget__width-auto elementor-widget-mobile__width-initial elementor-invisible elementor-widget elementor-widget-button\" data-id=\"7723510a\" data-element_type=\"widget\" data-e-type=\"widget\" data-settings=\"{&quot;_animation&quot;:&quot;fadeInUp&quot;,&quot;_animation_delay&quot;:900}\" data-widget_type=\"button.default\">\n\t\t\t\t<div class=\"elementor-widget-container\">\n\t\t\t\t\t\t\t\t\t<div class=\"elementor-button-wrapper\">\n\t\t\t\t\t<a class=\"elementor-button elementor-button-link elementor-size-sm elementor-animation-shrink\" href=\"https:\/\/apps.microsoft.com\/detail\/9P11QHNC914F?hl=tr-tr&#038;gl=TR\" rel=\"nofollow noopener\" target=\"_blank\">\n\t\t\t\t\t\t<span class=\"elementor-button-content-wrapper\">\n\t\t\t\t\t\t\t\t\t<span class=\"elementor-button-text\">Descargar Para Windows<\/span>\n\t\t\t\t\t<\/span>\n\t\t\t\t\t<\/a>\n\t\t\t\t<\/div>\n\t\t\t\t\t\t\t\t<\/div>\n\t\t\t\t<\/div>\n\t\t\t\t<div class=\"elementor-element elementor-element-33f9fcc elementor-align-center animated-fast elementor-widget__width-auto elementor-widget-mobile__width-initial elementor-invisible elementor-widget elementor-widget-button\" data-id=\"33f9fcc\" data-element_type=\"widget\" data-e-type=\"widget\" data-settings=\"{&quot;_animation&quot;:&quot;fadeInUp&quot;,&quot;_animation_delay&quot;:900}\" data-widget_type=\"button.default\">\n\t\t\t\t<div class=\"elementor-widget-container\">\n\t\t\t\t\t\t\t\t\t<div class=\"elementor-button-wrapper\">\n\t\t\t\t\t<a class=\"elementor-button elementor-button-link elementor-size-sm elementor-animation-shrink\" href=\"https:\/\/apps.apple.com\/tr\/app\/octapull\/id6450007067\" rel=\"nofollow noopener\" target=\"_blank\">\n\t\t\t\t\t\t<span class=\"elementor-button-content-wrapper\">\n\t\t\t\t\t\t\t\t\t<span class=\"elementor-button-text\">Descargar Para MacOS<\/span>\n\t\t\t\t\t<\/span>\n\t\t\t\t\t<\/a>\n\t\t\t\t<\/div>\n\t\t\t\t\t\t\t\t<\/div>\n\t\t\t\t<\/div>\n\t\t\t\t\t<\/div>\n\t\t<\/div>\n\t\t\t\t\t<\/div>\n\t\t<\/section>\n\t\t\t\t\t<\/div>\n\t\t<\/div>\n\t\t\t\t\t<\/div>\n\t\t<\/section>\n\t\t\t\t<section class=\"elementor-section elementor-top-section elementor-element elementor-element-512a231 elementor-reverse-mobile elementor-section-boxed elementor-section-height-default elementor-section-height-default\" data-id=\"512a231\" data-element_type=\"section\" data-e-type=\"section\" id=\"2\">\n\t\t\t\t\t\t<div class=\"elementor-container elementor-column-gap-default\">\n\t\t\t\t\t<div class=\"elementor-column elementor-col-50 elementor-top-column elementor-element elementor-element-a8e0a9d\" data-id=\"a8e0a9d\" data-element_type=\"column\" data-e-type=\"column\">\n\t\t\t<div class=\"elementor-widget-wrap elementor-element-populated\">\n\t\t\t\t\t\t<div class=\"elementor-element elementor-element-7408b07 elementor-widget elementor-widget-heading\" data-id=\"7408b07\" data-element_type=\"widget\" data-e-type=\"widget\" data-widget_type=\"heading.default\">\n\t\t\t\t<div class=\"elementor-widget-container\">\n\t\t\t\t\t<h1 class=\"elementor-heading-title elementor-size-default\">\u00a1Con La Aplicaci\u00f3n M\u00f3vil De OctaMeet, Sus Reuniones Est\u00e1n En Su Bolsillo!<\/h1>\t\t\t\t<\/div>\n\t\t\t\t<\/div>\n\t\t\t\t<div class=\"elementor-element elementor-element-50278b1 elementor-widget elementor-widget-text-editor\" data-id=\"50278b1\" data-element_type=\"widget\" data-e-type=\"widget\" data-widget_type=\"text-editor.default\">\n\t\t\t\t<div class=\"elementor-widget-container\">\n\t\t\t\t\t\t\t\t\t<p data-start=\"79\" data-end=\"265\">\u00danase a sus reuniones con un solo clic, desde donde quiera, gracias a la aplicaci\u00f3n m\u00f3vil de <strong data-start=\"252\" data-end=\"264\">OctaMeet<\/strong>.<\/p>\t\t\t\t\t\t\t\t<\/div>\n\t\t\t\t<\/div>\n\t\t\t\t<div class=\"elementor-element elementor-element-9a8a8f1 elementor-widget__width-auto elementor-widget elementor-widget-image\" data-id=\"9a8a8f1\" data-element_type=\"widget\" data-e-type=\"widget\" data-widget_type=\"image.default\">\n\t\t\t\t<div class=\"elementor-widget-container\">\n\t\t\t\t\t\t\t\t\t\t\t\t\t\t\t\t<a href=\"https:\/\/play.google.com\/store\/apps\/details?id=com.octapull.meetapp\" rel=\"nofollow noopener\" target=\"_blank\">\n\t\t\t\t\t\t\t<img decoding=\"async\" width=\"2500\" height=\"802\" src=\"https:\/\/wp-octa.octapull.com\/wp-content\/uploads\/2023\/12\/google-indir.png\" class=\"elementor-animation-grow attachment-full size-full wp-image-19255\" alt=\"google indir\" srcset=\"https:\/\/wp-octa.octapull.com\/wp-content\/uploads\/2023\/12\/google-indir.png 2500w, https:\/\/wp-octa.octapull.com\/wp-content\/uploads\/2023\/12\/google-indir-300x96.png 300w, https:\/\/wp-octa.octapull.com\/wp-content\/uploads\/2023\/12\/google-indir-1024x328.png 1024w, https:\/\/wp-octa.octapull.com\/wp-content\/uploads\/2023\/12\/google-indir-768x246.png 768w, https:\/\/wp-octa.octapull.com\/wp-content\/uploads\/2023\/12\/google-indir-1536x493.png 1536w, https:\/\/wp-octa.octapull.com\/wp-content\/uploads\/2023\/12\/google-indir-2048x657.png 2048w, https:\/\/wp-octa.octapull.com\/wp-content\/uploads\/2023\/12\/google-indir-650x209.png 650w\" sizes=\"(max-width: 2500px) 100vw, 2500px\" \/>\t\t\t\t\t\t\t\t<\/a>\n\t\t\t\t\t\t\t\t\t\t\t\t\t\t\t<\/div>\n\t\t\t\t<\/div>\n\t\t\t\t<div class=\"elementor-element elementor-element-bf871a7 elementor-widget__width-auto elementor-widget elementor-widget-image\" data-id=\"bf871a7\" data-element_type=\"widget\" data-e-type=\"widget\" data-widget_type=\"image.default\">\n\t\t\t\t<div class=\"elementor-widget-container\">\n\t\t\t\t\t\t\t\t\t\t\t\t\t\t\t\t<a href=\"https:\/\/apps.apple.com\/tr\/app\/octapull\/id6450007067\" rel=\"nofollow noopener\" target=\"_blank\">\n\t\t\t\t\t\t\t<img loading=\"lazy\" decoding=\"async\" width=\"2500\" height=\"814\" src=\"https:\/\/wp-octa.octapull.com\/wp-content\/uploads\/2023\/12\/appstore-indir.png\" class=\"elementor-animation-grow attachment-full size-full wp-image-19261\" alt=\"appstore indir\" srcset=\"https:\/\/wp-octa.octapull.com\/wp-content\/uploads\/2023\/12\/appstore-indir.png 2500w, https:\/\/wp-octa.octapull.com\/wp-content\/uploads\/2023\/12\/appstore-indir-300x98.png 300w, https:\/\/wp-octa.octapull.com\/wp-content\/uploads\/2023\/12\/appstore-indir-1024x333.png 1024w, https:\/\/wp-octa.octapull.com\/wp-content\/uploads\/2023\/12\/appstore-indir-768x250.png 768w, https:\/\/wp-octa.octapull.com\/wp-content\/uploads\/2023\/12\/appstore-indir-1536x500.png 1536w, https:\/\/wp-octa.octapull.com\/wp-content\/uploads\/2023\/12\/appstore-indir-2048x667.png 2048w, https:\/\/wp-octa.octapull.com\/wp-content\/uploads\/2023\/12\/appstore-indir-650x212.png 650w\" sizes=\"(max-width: 2500px) 100vw, 2500px\" \/>\t\t\t\t\t\t\t\t<\/a>\n\t\t\t\t\t\t\t\t\t\t\t\t\t\t\t<\/div>\n\t\t\t\t<\/div>\n\t\t\t\t<div class=\"elementor-element elementor-element-fefabec elementor-widget elementor-widget-spacer\" data-id=\"fefabec\" data-element_type=\"widget\" data-e-type=\"widget\" data-widget_type=\"spacer.default\">\n\t\t\t\t<div class=\"elementor-widget-container\">\n\t\t\t\t\t\t\t<div class=\"elementor-spacer\">\n\t\t\t<div class=\"elementor-spacer-inner\"><\/div>\n\t\t<\/div>\n\t\t\t\t\t\t<\/div>\n\t\t\t\t<\/div>\n\t\t\t\t<div class=\"elementor-element elementor-element-4f3787d elementor-widget__width-auto elementor-widget elementor-widget-image\" data-id=\"4f3787d\" data-element_type=\"widget\" data-e-type=\"widget\" data-widget_type=\"image.default\">\n\t\t\t\t<div class=\"elementor-widget-container\">\n\t\t\t\t\t\t\t\t\t\t\t\t\t\t\t\t<a href=\"https:\/\/play.google.com\/store\/apps\/details?id=com.octapull.meetapp\" rel=\"nofollow noopener\" target=\"_blank\">\n\t\t\t\t\t\t\t<img loading=\"lazy\" decoding=\"async\" width=\"1014\" height=\"1014\" src=\"https:\/\/wp-octa.octapull.com\/wp-content\/uploads\/2023\/12\/Play-Store.png\" class=\"elementor-animation-grow attachment-full size-full wp-image-19276\" alt=\"Play-Store\" srcset=\"https:\/\/wp-octa.octapull.com\/wp-content\/uploads\/2023\/12\/Play-Store.png 1014w, https:\/\/wp-octa.octapull.com\/wp-content\/uploads\/2023\/12\/Play-Store-300x300.png 300w, https:\/\/wp-octa.octapull.com\/wp-content\/uploads\/2023\/12\/Play-Store-150x150.png 150w, https:\/\/wp-octa.octapull.com\/wp-content\/uploads\/2023\/12\/Play-Store-768x768.png 768w, https:\/\/wp-octa.octapull.com\/wp-content\/uploads\/2023\/12\/Play-Store-650x650.png 650w\" sizes=\"(max-width: 1014px) 100vw, 1014px\" \/>\t\t\t\t\t\t\t\t<\/a>\n\t\t\t\t\t\t\t\t\t\t\t\t\t\t\t<\/div>\n\t\t\t\t<\/div>\n\t\t\t\t<div class=\"elementor-element elementor-element-b2e0024 elementor-widget__width-auto elementor-widget elementor-widget-image\" data-id=\"b2e0024\" data-element_type=\"widget\" data-e-type=\"widget\" data-widget_type=\"image.default\">\n\t\t\t\t<div class=\"elementor-widget-container\">\n\t\t\t\t\t\t\t\t\t\t\t\t\t\t\t\t<a href=\"https:\/\/apps.apple.com\/tr\/app\/octapull\/id6450007067\" rel=\"nofollow noopener\" target=\"_blank\">\n\t\t\t\t\t\t\t<img loading=\"lazy\" decoding=\"async\" width=\"1023\" height=\"1023\" src=\"https:\/\/wp-octa.octapull.com\/wp-content\/uploads\/2023\/12\/AppStore.png\" class=\"elementor-animation-grow attachment-full size-full wp-image-19270\" alt=\"AppStore\" srcset=\"https:\/\/wp-octa.octapull.com\/wp-content\/uploads\/2023\/12\/AppStore.png 1023w, https:\/\/wp-octa.octapull.com\/wp-content\/uploads\/2023\/12\/AppStore-300x300.png 300w, https:\/\/wp-octa.octapull.com\/wp-content\/uploads\/2023\/12\/AppStore-150x150.png 150w, https:\/\/wp-octa.octapull.com\/wp-content\/uploads\/2023\/12\/AppStore-768x768.png 768w, https:\/\/wp-octa.octapull.com\/wp-content\/uploads\/2023\/12\/AppStore-650x650.png 650w\" sizes=\"(max-width: 1023px) 100vw, 1023px\" \/>\t\t\t\t\t\t\t\t<\/a>\n\t\t\t\t\t\t\t\t\t\t\t\t\t\t\t<\/div>\n\t\t\t\t<\/div>\n\t\t\t\t\t<\/div>\n\t\t<\/div>\n\t\t\t\t<div class=\"elementor-column elementor-col-50 elementor-top-column elementor-element elementor-element-2d067be\" data-id=\"2d067be\" data-element_type=\"column\" data-e-type=\"column\" data-settings=\"{&quot;background_background&quot;:&quot;classic&quot;}\">\n\t\t\t<div class=\"elementor-widget-wrap elementor-element-populated\">\n\t\t\t\t\t\t<div class=\"elementor-element elementor-element-e2083bd elementor-widget elementor-widget-image\" data-id=\"e2083bd\" data-element_type=\"widget\" data-e-type=\"widget\" data-widget_type=\"image.default\">\n\t\t\t\t<div class=\"elementor-widget-container\">\n\t\t\t\t\t\t\t\t\t\t\t\t\t\t\t<img loading=\"lazy\" decoding=\"async\" width=\"2251\" height=\"2250\" src=\"https:\/\/wp-octa.octapull.com\/wp-content\/uploads\/2025\/07\/Meet-Mobile.png\" class=\"attachment-full size-full wp-image-49052\" alt=\"\" srcset=\"https:\/\/wp-octa.octapull.com\/wp-content\/uploads\/2025\/07\/Meet-Mobile.png 2251w, https:\/\/wp-octa.octapull.com\/wp-content\/uploads\/2025\/07\/Meet-Mobile-300x300.png 300w, https:\/\/wp-octa.octapull.com\/wp-content\/uploads\/2025\/07\/Meet-Mobile-1024x1024.png 1024w, https:\/\/wp-octa.octapull.com\/wp-content\/uploads\/2025\/07\/Meet-Mobile-150x150.png 150w, https:\/\/wp-octa.octapull.com\/wp-content\/uploads\/2025\/07\/Meet-Mobile-768x768.png 768w, https:\/\/wp-octa.octapull.com\/wp-content\/uploads\/2025\/07\/Meet-Mobile-1536x1536.png 1536w, https:\/\/wp-octa.octapull.com\/wp-content\/uploads\/2025\/07\/Meet-Mobile-2048x2048.png 2048w, https:\/\/wp-octa.octapull.com\/wp-content\/uploads\/2025\/07\/Meet-Mobile-650x650.png 650w\" sizes=\"(max-width: 2251px) 100vw, 2251px\" \/>\t\t\t\t\t\t\t\t\t\t\t\t\t\t\t<\/div>\n\t\t\t\t<\/div>\n\t\t\t\t\t<\/div>\n\t\t<\/div>\n\t\t\t\t\t<\/div>\n\t\t<\/section>\n\t\t\t\t<\/div>\n\t\t","protected":false},"excerpt":{"rendered":"<p>\u00a1\u00danase A Las Reuniones Desde Cualquier Dispositivo! Con las aplicaciones [&hellip;]<\/p>\n","protected":false},"author":1,"featured_media":0,"parent":0,"menu_order":0,"comment_status":"closed","ping_status":"closed","template":"","meta":{"footnotes":""},"class_list":["post-48880","page","type-page","status-publish","hentry"],"blog_post_layout_featured_media_urls":{"thumbnail":"","full":""},"categories_names":null,"comments_number":"0","_links":{"self":[{"href":"https:\/\/wp-octa.octapull.com\/es\/wp-json\/wp\/v2\/pages\/48880","targetHints":{"allow":["GET"]}}],"collection":[{"href":"https:\/\/wp-octa.octapull.com\/es\/wp-json\/wp\/v2\/pages"}],"about":[{"href":"https:\/\/wp-octa.octapull.com\/es\/wp-json\/wp\/v2\/types\/page"}],"author":[{"embeddable":true,"href":"https:\/\/wp-octa.octapull.com\/es\/wp-json\/wp\/v2\/users\/1"}],"replies":[{"embeddable":true,"href":"https:\/\/wp-octa.octapull.com\/es\/wp-json\/wp\/v2\/comments?post=48880"}],"version-history":[{"count":12,"href":"https:\/\/wp-octa.octapull.com\/es\/wp-json\/wp\/v2\/pages\/48880\/revisions"}],"predecessor-version":[{"id":49061,"href":"https:\/\/wp-octa.octapull.com\/es\/wp-json\/wp\/v2\/pages\/48880\/revisions\/49061"}],"wp:attachment":[{"href":"https:\/\/wp-octa.octapull.com\/es\/wp-json\/wp\/v2\/media?parent=48880"}],"curies":[{"name":"wp","href":"https:\/\/api.w.org\/{rel}","templated":true}]}}